{"id":307,"date":"2025-05-26T15:45:44","date_gmt":"2025-05-26T18:45:44","guid":{"rendered":"https:\/\/vialuz.com.br\/?page_id=307"},"modified":"2025-05-26T16:46:16","modified_gmt":"2025-05-26T19:46:16","slug":"institucional","status":"publish","type":"page","link":"https:\/\/vialuz.com.br\/?page_id=307","title":{"rendered":"Institucional"},"content":{"rendered":"<div data-colibri-id=\"307-c1\" class=\"style-384 style-local-307-c1 position-relative\">\n  <!---->\n  <div data-colibri-component=\"section\" data-colibri-id=\"307-c2\" id=\"custom\" class=\"h-section h-section-global-spacing d-flex align-items-lg-center align-items-md-center align-items-center style-385 style-local-307-c2 position-relative\">\n    <!---->\n    <!---->\n    <div class=\"h-section-grid-container h-section-boxed-container\">\n      <!---->\n      <div data-colibri-id=\"307-c5\" class=\"h-row-container gutters-row-lg-2 gutters-row-md-2 gutters-row-0 gutters-row-v-lg-2 gutters-row-v-md-2 gutters-row-v-2 style-388 style-local-307-c5 position-relative\">\n        <!---->\n        <div class=\"h-row justify-content-lg-center justify-content-md-center justify-content-center align-items-lg-stretch align-items-md-stretch align-items-stretch gutters-col-lg-2 gutters-col-md-2 gutters-col-0 gutters-col-v-lg-2 gutters-col-v-md-2 gutters-col-v-2\">\n          <!---->\n          <div class=\"h-column h-column-container d-flex h-col-lg-auto h-col-md-auto h-col-auto style-389-outer style-local-307-c6-outer\">\n            <div data-colibri-id=\"307-c6\" class=\"d-flex h-flex-basis h-column__inner h-px-lg-2 h-px-md-2 h-px-2 v-inner-lg-2 v-inner-md-2 v-inner-2 style-389 style-local-307-c6 position-relative\">\n              <!---->\n              <!---->\n              <div class=\"w-100 h-y-container h-column__content h-column__v-align flex-basis-100 align-self-lg-start align-self-md-start align-self-start\">\n                <!---->\n                <div data-colibri-id=\"307-c7\" class=\"h-global-transition-all h-heading style-390 style-local-307-c7 position-relative h-element\">\n                  <!---->\n                  <div class=\"h-heading__outer style-390 style-local-307-c7\">\n                    <!---->\n                    <!---->\n                    <h3 class=\"\">Iluminando Cidades. Conectando Solu\u00e7\u00f5es.<\/h3>\n                  <\/div>\n                <\/div>\n              <\/div>\n            <\/div>\n          <\/div>\n        <\/div>\n      <\/div>\n      <div data-colibri-id=\"307-c8\" class=\"h-row-container gutters-row-lg-2 gutters-row-md-2 gutters-row-0 gutters-row-v-lg-2 gutters-row-v-md-2 gutters-row-v-2 style-391 style-local-307-c8 position-relative\">\n        <!---->\n        <div class=\"h-row justify-content-lg-center justify-content-md-center justify-content-center align-items-lg-stretch align-items-md-stretch align-items-stretch gutters-col-lg-2 gutters-col-md-2 gutters-col-0 gutters-col-v-lg-2 gutters-col-v-md-2 gutters-col-v-2\">\n          <!---->\n          <div class=\"h-column h-column-container d-flex h-col-lg-auto h-col-md-auto h-col-auto style-392-outer style-local-307-c9-outer\">\n            <div data-colibri-id=\"307-c9\" class=\"d-flex h-flex-basis h-column__inner h-px-lg-2 h-px-md-2 h-px-2 v-inner-lg-2 v-inner-md-2 v-inner-2 style-392 style-local-307-c9 position-relative\">\n              <!---->\n              <!---->\n              <div class=\"w-100 h-y-container h-column__content h-column__v-align flex-basis-100 align-self-lg-start align-self-md-start align-self-start\">\n                <!---->\n                <div data-colibri-id=\"307-c10\" class=\"h-text h-text-component style-393 style-local-307-c10 position-relative h-element\">\n                  <!---->\n                  <!---->\n                  <div class=\"\">\n                    <p>A <strong>Vialuz<\/strong> \u00e9 uma empresa especializada em <strong>tecnologia, automa\u00e7\u00e3o e gest\u00e3o inteligente de infraestrutura urbana e privada<\/strong>. Atuamos no desenvolvimento de <strong>solu\u00e7\u00f5es completas em hardware e software<\/strong>,\n                      entregando projetos que unem <strong>efici\u00eancia energ\u00e9tica, seguran\u00e7a, sustentabilidade e transforma\u00e7\u00e3o digital<\/strong>.<\/p>\n                    <p>Somos refer\u00eancia na implanta\u00e7\u00e3o de <strong>sistemas inteligentes de gest\u00e3o de ilumina\u00e7\u00e3o p\u00fablica, telemetria e automa\u00e7\u00e3o para cidades, condom\u00ednios, ind\u00fastrias e empresas<\/strong>. Nossa expertise vai al\u00e9m do desenvolvimento de sistemas\n                      \u2014 <strong>desenvolvemos tamb\u00e9m hardware pr\u00f3prio<\/strong>, garantindo solu\u00e7\u00f5es sob medida, maior confiabilidade e performance para nossos clientes.<\/p>\n                    <p>Atuamos com projetos de <strong>smart cities<\/strong>, gest\u00e3o energ\u00e9tica, monitoramento remoto, controle de acesso, seguran\u00e7a perimetral, leitura autom\u00e1tica de placas (LPR), reconhecimento facial, georreferenciamento e telegest\u00e3o de\n                      ativos urbanos.<\/p>\n                    <p>Nosso compromisso \u00e9 gerar <strong>economia, sustentabilidade, efici\u00eancia operacional e seguran\u00e7a<\/strong>, contribuindo diretamente para a evolu\u00e7\u00e3o de cidades mais inteligentes, empresas mais eficientes e condom\u00ednios mais seguros e\n                      sustent\u00e1veis.<\/p>\n                  <\/div>\n                <\/div>\n              <\/div>\n            <\/div>\n          <\/div>\n        <\/div>\n      <\/div>\n    <\/div>\n  <\/div>\n  <div data-colibri-component=\"section\" data-colibri-id=\"307-c11\" id=\"overlappable\" class=\"h-section h-section-global-spacing d-flex align-items-lg-center align-items-md-center align-items-center style-394 style-local-307-c11 position-relative\">\n    <!---->\n    <!---->\n    <div class=\"h-section-grid-container h-section-boxed-container\">\n      <!---->\n      <div data-colibri-id=\"307-c12\" class=\"h-row-container gutters-row-lg-0 gutters-row-md-0 gutters-row-2 gutters-row-v-lg-0 gutters-row-v-md-0 gutters-row-v-2 style-395 style-local-307-c12 position-relative\">\n        <!---->\n        <div class=\"h-row justify-content-lg-center justify-content-md-center justify-content-center align-items-lg-stretch align-items-md-stretch align-items-stretch gutters-col-lg-0 gutters-col-md-0 gutters-col-2 gutters-col-v-lg-0 gutters-col-v-md-0 gutters-col-v-2\">\n          <!---->\n          <div class=\"h-column h-column-container d-flex h-col-lg-4 h-col-md-4 h-col-12 style-396-outer style-local-307-c13-outer\">\n            <div data-colibri-id=\"307-c13\" class=\"d-flex h-flex-basis h-column__inner h-px-lg-3 h-px-md-3 h-px-2 v-inner-lg-3 v-inner-md-3 v-inner-2 style-396 style-local-307-c13 position-relative\">\n              <!---->\n              <!---->\n              <div class=\"w-100 h-y-container h-column__content h-column__v-align flex-basis-100 align-self-lg-start align-self-md-start align-self-start\">\n                <!---->\n                <div data-colibri-id=\"307-c14\" class=\"h-icon style-397 style-local-307-c14 position-relative h-element\">\n                  <!----><span class=\"h-svg-icon h-icon__icon style-397-icon style-local-307-c14-icon\"><!--Icon by Icons8 Line Awesome (https:\/\/icons8.com\/line-awesome)--><svg version=\"1.1\" xmlns=\"http:\/\/www.w3.org\/2000\/svg\" xmlns:xlink=\"http:\/\/www.w3.org\/1999\/xlink\" id=\"rocket\" viewBox=\"0 0 512 545.5\"><path d=\"M414.5 96c11.153.006 18 .5 18 .5l14.5.5.5 14.5s1.58 28.133-1.5 61-8.242 71.254-31.5 94.5c-19.403 19.395-71.8 59.786-121 97.5-9.982 7.65-9.718 7.454-19 14.5l1.5 27c1.088 20.452-7.567 40.117-23.5 53l-41 33.5L191 509l-5.5-26-10.5-52.5-61.5-61.5L61 358.5l-26-5 16.5-21 33.5-41c12.884-15.913 32.548-24.588 53-23.5l27.5 1.5c6.88-9.028 6.56-8.8 14-18.5 37.648-49.083 78.293-101.302 98-121 23.46-23.45 61.224-28.957 94-32 16.39-1.522 31.847-2.006 43-2zM400 128c-6.362.023-14.555.483-25.5 1.5-30.168 2.8-63.56 12.066-74.5 23-14.692 14.685-58.02 69.135-95.5 118-33.03 43.065-55.41 73.67-62 82.5l49 49c8.696-6.49 39.187-29.8 82.5-63 48.987-37.55 103.224-80.73 117.5-95 10.423-10.418 19.657-44.176 22.5-74.5 2.063-22.007 1.687-31.706 1.5-41-4.607-.11-9.138-.523-15.5-.5zm-73 56.5c17.867 0 32.5 14.633 32.5 32.5s-14.633 32.5-32.5 32.5-32-14.633-32-32.5 14.133-32.5 32-32.5zM136 300c-10.235-.544-20.056 4.04-26.5 12L93 332l21.5 4.5c2.11-2.81 17.863-23.257 27.5-36zm-36.5 83l22.5 22.5c-6.03 6.035-13.124 21.168-18 34.5 12.77-4.636 26.868-10.868 34-18l22.5 22.5c-14.297 14.297-33.266 22.156-49 27.5S83 479.5 83 479.5L59.5 484l5-23.5s2.475-13.122 8-29 13.33-34.818 27-48.5zm144 19c-12.752 9.572-33.188 25.406-36 27.5L212 451l20.5-16.5c7.972-6.445 12.044-16.265 11.5-26.5z\"><\/path><\/svg><\/span><\/div>\n                <div\n                  data-colibri-id=\"307-c15\" class=\"h-global-transition-all h-heading style-398 style-local-307-c15 position-relative h-element\">\n                  <!---->\n                  <div class=\"h-heading__outer style-398 style-local-307-c15\">\n                    <!---->\n                    <!---->\n                    <h5 class=\"\">miss\u00e3o<\/h5>\n                  <\/div>\n              <\/div>\n              <div data-colibri-id=\"307-c16\" class=\"h-text h-text-component style-399 style-local-307-c16 position-relative h-element\">\n                <!---->\n                <!---->\n                <div class=\"\">\n                  <p>Desenvolver e oferecer solu\u00e7\u00f5es tecnol\u00f3gicas inovadoras em <strong>hardware e software<\/strong>, que promovam efici\u00eancia, economia, seguran\u00e7a e sustentabilidade para cidades, empresas e condom\u00ednios.<\/p>\n                <\/div>\n              <\/div>\n            <\/div>\n          <\/div>\n        <\/div>\n        <div class=\"h-column h-column-container d-flex h-col-lg-4 h-col-md-4 h-col-12 style-396-outer style-local-307-c19-outer\">\n          <div data-colibri-id=\"307-c19\" class=\"d-flex h-flex-basis h-column__inner h-px-lg-3 h-px-md-3 h-px-2 v-inner-lg-3 v-inner-md-3 v-inner-2 style-396 style-local-307-c19 position-relative\">\n            <!---->\n            <!---->\n            <div class=\"w-100 h-y-container h-column__content h-column__v-align flex-basis-100 align-self-lg-start align-self-md-start align-self-start\">\n              <!---->\n              <div data-colibri-id=\"307-c20\" class=\"h-icon style-397 style-local-307-c20 position-relative h-element\">\n                <!----><span class=\"h-svg-icon h-icon__icon style-397-icon style-local-307-c20-icon\"><!--Icon by Icons8 Line Awesome (https:\/\/icons8.com\/line-awesome)--><svg version=\"1.1\" xmlns=\"http:\/\/www.w3.org\/2000\/svg\" xmlns:xlink=\"http:\/\/www.w3.org\/1999\/xlink\" id=\"eye\" viewBox=\"0 0 512 545.5\"><path d=\"M256 160c133.37 0 236 117.5 236 117.5l9.5 10.5-9.5 10.5S398.41 405.18 274 415c-5.95.754-11.85 1-18 1s-12.05-.246-18-1C113.59 405.18 20 298.5 20 298.5L10.5 288l9.5-10.5S122.63 160 256 160zm0 32c-35.655 0-68.52 9.885-97 23h.5c-9.887 16.707-15.5 36.12-15.5 57 0 57.82 43.373 105.33 99.5 111.5 4.143.257 8.278.5 12.5.5 3.885 0 7.683-.282 11.5-.5.332-.033.67.036 1 0 56.127-6.17 99.5-53.68 99.5-111.5 0-21.195-5.836-40.642-16-57.5-28.247-12.875-60.767-22.5-96-22.5zm0 32c26.51 0 48 21.49 48 48s-21.49 48-48 48-48-21.49-48-48 21.49-48 48-48zm-140 15c-30.35 20.25-51.808 41.133-59.5 49 9.172 9.38 37.188 37.217 77.5 60.5-13.974-22.182-22-48.432-22-76.5 0-11.42 1.478-22.277 4-33zm280 0c2.506 10.646 4 21.576 4 33 0 28.068-8.026 54.318-22 76.5 40.313-23.283 68.328-51.12 77.5-60.5-7.692-7.867-29.15-28.75-59.5-49z\"><\/path><\/svg><\/span><\/div>\n              <div\n                data-colibri-id=\"307-c21\" class=\"h-global-transition-all h-heading style-398 style-local-307-c21 position-relative h-element\">\n                <!---->\n                <div class=\"h-heading__outer style-398 style-local-307-c21\">\n                  <!---->\n                  <!---->\n                  <h5 class=\"\">vis\u00e3o<\/h5>\n                <\/div>\n            <\/div>\n            <div data-colibri-id=\"307-c22\" class=\"h-text h-text-component style-399 style-local-307-c22 position-relative h-element\">\n              <!---->\n              <!---->\n              <div class=\"\">\n                <p>Ser refer\u00eancia nacional em <strong>tecnologia para cidades inteligentes, automa\u00e7\u00e3o urbana e gest\u00e3o energ\u00e9tica<\/strong>, impulsionando a transforma\u00e7\u00e3o digital no setor p\u00fablico e privado.<\/p>\n              <\/div>\n            <\/div>\n          <\/div>\n        <\/div>\n      <\/div>\n      <div class=\"h-column h-column-container d-flex h-col-lg-4 h-col-md-4 h-col-12 style-396-outer style-local-307-c25-outer\">\n        <div data-colibri-id=\"307-c25\" class=\"d-flex h-flex-basis h-column__inner h-px-lg-3 h-px-md-3 h-px-2 v-inner-lg-3 v-inner-md-3 v-inner-2 style-396 style-local-307-c25 position-relative\">\n          <!---->\n          <!---->\n          <div class=\"w-100 h-y-container h-column__content h-column__v-align flex-basis-100 align-self-lg-start align-self-md-start align-self-start\">\n            <!---->\n            <div data-colibri-id=\"307-c26\" class=\"h-icon style-397 style-local-307-c26 position-relative h-element\">\n              <!----><span class=\"h-svg-icon h-icon__icon style-397-icon style-local-307-c26-icon\"><!--Icon by Icons8 Line Awesome (https:\/\/icons8.com\/line-awesome)--><svg version=\"1.1\" xmlns=\"http:\/\/www.w3.org\/2000\/svg\" xmlns:xlink=\"http:\/\/www.w3.org\/1999\/xlink\" id=\"area-chart\" viewBox=\"0 0 512 545.5\"><path d=\"M448 97v383H64V204.5l19 4 73 14.5 91-60.5 5.5-3.5 6 1 89.5 15 74-58zm-32 65.5l-54 42-5.5 4.5-7-1-90-15-90.5 60.5-5.5 3.5-6.5-1.5-61-12V309l62 25 89-59.5 6.5-4 7.5 2.5 87.5 29 67.5-53.5v-86zm0 127l-54 43-7 5.5-8-3-88-29.5-90 60-7 4.5-8-3-58-23v104h320V289.5z\"><\/path><\/svg><\/span><\/div>\n            <div\n              data-colibri-id=\"307-c27\" class=\"h-global-transition-all h-heading style-398 style-local-307-c27 position-relative h-element\">\n              <!---->\n              <div class=\"h-heading__outer style-398 style-local-307-c27\">\n                <!---->\n                <!---->\n                <h5 class=\"\">valores<\/h5>\n              <\/div>\n          <\/div>\n          <div data-colibri-id=\"307-c28\" class=\"h-text h-text-component style-399 style-local-307-c28 position-relative h-element\">\n            <!---->\n            <!---->\n            <div class=\"\">\n              <p><strong>Inova\u00e7\u00e3o;<br>Compromisso com resultados;<\/strong>\n                <br><strong>Sustentabilidade e efici\u00eancia;<br>\u00c9tica e responsabilidade;<br>Foco no cliente;<br>Seguran\u00e7a e confiabilidade<\/strong><\/p>\n            <\/div>\n          <\/div>\n        <\/div>\n      <\/div>\n    <\/div>\n  <\/div>\n<\/div>\n<\/div>\n<\/div>\n<div data-colibri-component=\"section\" data-colibri-id=\"307-c42\" id=\"custom-2\" class=\"h-section h-section-global-spacing d-flex align-items-lg-center align-items-md-center align-items-center style-413 style-local-307-c42 position-relative\">\n  <!---->\n  <!---->\n  <div class=\"h-section-grid-container h-section-boxed-container\">\n    <!---->\n    <div data-colibri-id=\"307-c43\" class=\"h-row-container gutters-row-lg-2 gutters-row-md-2 gutters-row-0 gutters-row-v-lg-2 gutters-row-v-md-2 gutters-row-v-2 style-414 style-local-307-c43 position-relative\">\n      <!---->\n      <div class=\"h-row justify-content-lg-center justify-content-md-center justify-content-center align-items-lg-stretch align-items-md-stretch align-items-stretch gutters-col-lg-2 gutters-col-md-2 gutters-col-0 gutters-col-v-lg-2 gutters-col-v-md-2 gutters-col-v-2\">\n        <!---->\n        <div class=\"h-column h-column-container d-flex h-col-lg-auto h-col-md-auto h-col-auto style-415-outer style-local-307-c44-outer\">\n          <div data-colibri-id=\"307-c44\" class=\"d-flex h-flex-basis h-column__inner h-px-lg-2 h-px-md-2 h-px-2 v-inner-lg-2 v-inner-md-2 v-inner-2 style-415 style-local-307-c44 position-relative\">\n            <!---->\n            <!---->\n            <div class=\"w-100 h-y-container h-column__content h-column__v-align flex-basis-100 align-self-lg-start align-self-md-start align-self-start\">\n              <!---->\n              <div data-colibri-id=\"307-c46\" class=\"h-global-transition-all h-heading style-417 style-local-307-c46 position-relative h-element\">\n                <!---->\n                <div class=\"h-heading__outer style-417 style-local-307-c46\">\n                  <!---->\n                  <!---->\n                  <h4 class=\"\">Nossos Diferenciais<\/h4>\n                <\/div>\n              <\/div>\n              <div data-colibri-id=\"307-c48\" class=\"h-text h-text-component style-419 style-local-307-c48 position-relative h-element\">\n                <!---->\n                <!---->\n                <div class=\"\">\n                  <ul>\n                    <li>&nbsp;Desenvolvimento de Hardware e Software Pr\u00f3prios;<\/li>\n                    <li>&nbsp;Solu\u00e7\u00f5es escal\u00e1veis e personalizadas;<\/li>\n                    <li>&nbsp;Integra\u00e7\u00e3o completa de tecnologias: NB-IoT, IA, telemetria, telegest\u00e3o e automa\u00e7\u00e3o;<\/li>\n                    <li>&nbsp;Monitoramento remoto em tempo real;<\/li>\n                    <li>&nbsp;Alto padr\u00e3o de seguran\u00e7a digital e f\u00edsica;<\/li>\n                    <li>&nbsp;Economia comprovada em projetos de ilumina\u00e7\u00e3o p\u00fablica e privada;<\/li>\n                    <li>&nbsp;Atendimento especializado para prefeituras, empresas, ind\u00fastrias e condom\u00ednios;<\/li>\n                  <\/ul>\n                <\/div>\n              <\/div>\n            <\/div>\n          <\/div>\n        <\/div>\n        <div class=\"h-column h-column-container d-flex h-col-lg-auto h-col-md-auto h-col-auto style-416-outer style-local-307-c45-outer\">\n          <div data-colibri-id=\"307-c45\" class=\"d-flex h-flex-basis h-column__inner h-px-lg-2 h-px-md-2 h-px-2 v-inner-lg-2 v-inner-md-2 v-inner-2 style-416 style-local-307-c45 position-relative\">\n            <!---->\n            <!---->\n            <div class=\"w-100 h-y-container h-column__content h-column__v-align flex-basis-100 align-self-lg-start align-self-md-start align-self-start\">\n              <!---->\n              <div data-colibri-id=\"307-c47\" class=\"h-global-transition-all h-heading style-418 style-local-307-c47 position-relative h-element\">\n                <!---->\n                <div class=\"h-heading__outer style-418 style-local-307-c47\">\n                  <!---->\n                  <!---->\n                  <h4 class=\"\">Solu\u00e7\u00f5es que oferecemos<\/h4>\n                <\/div>\n              <\/div>\n              <div data-colibri-id=\"307-c49\" class=\"h-text h-text-component style-420 style-local-307-c49 position-relative h-element\">\n                <!---->\n                <!---->\n                <div class=\"\">\n                  <ul>\n                    <li>&nbsp;Ilumina\u00e7\u00e3o P\u00fablica Inteligente;<\/li>\n                    <li>&nbsp;Sistemas de Telegest\u00e3o e Telemetria;<\/li>\n                    <li>&nbsp;Gest\u00e3o Energ\u00e9tica e Efici\u00eancia Operacional;<\/li>\n                    <li>&nbsp;Controle de Acesso Inteligente (Cond\u00f4minos, Ve\u00edculos e Visitantes);<\/li>\n                    <li>&nbsp;Reconhecimento Facial e Leitura de Placas (LPR);<\/li>\n                    <li>&nbsp;Sistemas de Seguran\u00e7a Perimetral;<\/li>\n                    <li>&nbsp;Monitoramento Urbano e Gest\u00e3o de Ativos;<\/li>\n                    <li>&nbsp;Georreferenciamento de Infraestruturas Urbanas;<\/li>\n                    <li>&nbsp;Automa\u00e7\u00e3o Predial e Urbana;<\/li>\n                    <li>&nbsp;Sistemas completos para IoT e Monitoramento inteligente;<\/li>\n                  <\/ul>\n                <\/div>\n              <\/div>\n            <\/div>\n          <\/div>\n        <\/div>\n      <\/div>\n    <\/div>\n  <\/div>\n<\/div>\n<\/div>","protected":false},"excerpt":{"rendered":"<p>Iluminando Cidades. Conectando Solu\u00e7\u00f5es. A Vialuz \u00e9 uma empresa especializada em tecnologia, automa\u00e7\u00e3o e gest\u00e3o inteligente de infraestrutura urbana e privada. Atuamos no desenvolvimento de solu\u00e7\u00f5es completas em hardware e software, entregando projetos que unem efici\u00eancia energ\u00e9tica, seguran\u00e7a, sustentabilidade e transforma\u00e7\u00e3o digital. Somos refer\u00eancia na implanta\u00e7\u00e3o de sistemas inteligentes de gest\u00e3o de ilumina\u00e7\u00e3o p\u00fablica, telemetria [&hellip;]<\/p>\n","protected":false},"author":1,"featured_media":0,"parent":0,"menu_order":0,"comment_status":"closed","ping_status":"closed","template":"page-templates\/full-width-page.php","meta":{"footnotes":""},"class_list":["post-307","page","type-page","status-publish","hentry"],"_links":{"self":[{"href":"https:\/\/vialuz.com.br\/index.php?rest_route=\/wp\/v2\/pages\/307","targetHints":{"allow":["GET"]}}],"collection":[{"href":"https:\/\/vialuz.com.br\/index.php?rest_route=\/wp\/v2\/pages"}],"about":[{"href":"https:\/\/vialuz.com.br\/index.php?rest_route=\/wp\/v2\/types\/page"}],"author":[{"embeddable":true,"href":"https:\/\/vialuz.com.br\/index.php?rest_route=\/wp\/v2\/users\/1"}],"replies":[{"embeddable":true,"href":"https:\/\/vialuz.com.br\/index.php?rest_route=%2Fwp%2Fv2%2Fcomments&post=307"}],"version-history":[{"count":4,"href":"https:\/\/vialuz.com.br\/index.php?rest_route=\/wp\/v2\/pages\/307\/revisions"}],"predecessor-version":[{"id":326,"href":"https:\/\/vialuz.com.br\/index.php?rest_route=\/wp\/v2\/pages\/307\/revisions\/326"}],"wp:attachment":[{"href":"https:\/\/vialuz.com.br\/index.php?rest_route=%2Fwp%2Fv2%2Fmedia&parent=307"}],"curies":[{"name":"wp","href":"https:\/\/api.w.org\/{rel}","templated":true}]}}